{"id":134,"date":"2024-08-21T16:12:31","date_gmt":"2024-08-21T13:12:31","guid":{"rendered":"http:\/\/akdemirkumas.com\/?page_id=134"},"modified":"2024-08-21T17:42:27","modified_gmt":"2024-08-21T14:42:27","slug":"ilkelerimiz","status":"publish","type":"page","link":"https:\/\/akdemirkumas.com\/?page_id=134","title":{"rendered":"\u0130lkelerimiz"},"content":{"rendered":"\t\t<div data-elementor-type=\"wp-page\" data-elementor-id=\"134\" class=\"elementor elementor-134\" data-elementor-post-type=\"page\">\n\t\t\t\t\t\t<section class=\"elementor-section elementor-top-section elementor-element elementor-element-30c1482e elementor-section-boxed elementor-section-height-default elementor-section-height-default magic-button-disabled-no\" data-id=\"30c1482e\" data-element_type=\"section\" data-settings=\"{&quot;background_background&quot;:&quot;classic&quot;}\">\n\t\t\t\t\t\t\t<div class=\"elementor-background-overlay\"><\/div>\n\t\t\t\t\t\t\t<div class=\"elementor-container elementor-column-gap-default\">\n\t\t\t\t\t<div class=\"elementor-column elementor-col-100 elementor-top-column elementor-element elementor-element-15c868fa\" data-id=\"15c868fa\" data-element_type=\"column\">\n\t\t\t<div class=\"elementor-widget-wrap elementor-element-populated\">\n\t\t\t\t\t\t<section class=\"elementor-section elementor-inner-section elementor-element elementor-element-b4a1277 elementor-section-boxed elementor-section-height-default elementor-section-height-default magic-button-disabled-no\" data-id=\"b4a1277\" data-element_type=\"section\">\n\t\t\t\t\t\t<div class=\"elementor-container elementor-column-gap-default\">\n\t\t\t\t\t<div class=\"elementor-column elementor-col-100 elementor-inner-column elementor-element elementor-element-7c915ae3\" data-id=\"7c915ae3\" data-element_type=\"column\" data-settings=\"{&quot;background_background&quot;:&quot;classic&quot;}\">\n\t\t\t<div class=\"elementor-widget-wrap elementor-element-populated\">\n\t\t\t\t\t\t<div class=\"elementor-element elementor-element-76932334 elementor-widget elementor-widget-heading\" data-id=\"76932334\" data-element_type=\"widget\" data-widget_type=\"heading.default\">\n\t\t\t\t<div class=\"elementor-widget-container\">\n\t\t\t<h2 class=\"elementor-heading-title elementor-size-default\">\u0130lkelerimiz<\/h2>\t\t<\/div>\n\t\t\t\t<\/div>\n\t\t\t\t\t<\/div>\n\t\t<\/div>\n\t\t\t\t\t<\/div>\n\t\t<\/section>\n\t\t\t\t\t<\/div>\n\t\t<\/div>\n\t\t\t\t\t<\/div>\n\t\t<\/section>\n\t\t\t\t<section class=\"elementor-section elementor-top-section elementor-element elementor-element-4625847e elementor-section-boxed elementor-section-height-default elementor-section-height-default magic-button-disabled-no\" data-id=\"4625847e\" data-element_type=\"section\" data-settings=\"{&quot;background_background&quot;:&quot;classic&quot;}\">\n\t\t\t\t\t\t\t<div class=\"elementor-background-overlay\"><\/div>\n\t\t\t\t\t\t\t<div class=\"elementor-container elementor-column-gap-default\">\n\t\t\t\t\t<div class=\"elementor-column elementor-col-100 elementor-top-column elementor-element elementor-element-20ca2a13\" data-id=\"20ca2a13\" data-element_type=\"column\">\n\t\t\t<div class=\"elementor-widget-wrap elementor-element-populated\">\n\t\t\t\t\t\t<div class=\"elementor-element elementor-element-4426bfa6 elementor-widget elementor-widget-jkit_heading\" data-id=\"4426bfa6\" data-element_type=\"widget\" data-widget_type=\"jkit_heading.default\">\n\t\t\t\t<div class=\"elementor-widget-container\">\n\t\t\t<div  class=\"jeg-elementor-kit jkit-heading  align-center align-tablet- align-mobile- jeg_module___6a04cdfa5ffd0\" ><div class=\"heading-section-title  display-inline-block\"><h5 class=\"heading-title\">Akdemir Kuma\u015f<\/h5><\/div><div class=\"heading-section-separator\"><div class=\"separator-wrapper style-solid\"><\/div><\/div><\/div>\t\t<\/div>\n\t\t\t\t<\/div>\n\t\t\t\t<div class=\"elementor-element elementor-element-a393671 elementor-widget elementor-widget-heading\" data-id=\"a393671\" data-element_type=\"widget\" data-widget_type=\"heading.default\">\n\t\t\t\t<div class=\"elementor-widget-container\">\n\t\t\t<h2 class=\"elementor-heading-title elementor-size-default\">G\u00fcven, Kalite, S\u00fcrd\u00fcr\u00fclebilirlik<\/h2>\t\t<\/div>\n\t\t\t\t<\/div>\n\t\t\t\t<div class=\"elementor-element elementor-element-b0fdc70 elementor-widget elementor-widget-text-editor\" data-id=\"b0fdc70\" data-element_type=\"widget\" data-widget_type=\"text-editor.default\">\n\t\t\t\t<div class=\"elementor-widget-container\">\n\t\t\t\t\t\t\t<p>Akdemir Kuma\u015f olarak, ba\u015far\u0131ya giden yolun sa\u011flam ilkelere dayand\u0131\u011f\u0131na inan\u0131yoruz. M\u00fc\u015fterilerimize en iyi hizmeti sunarken, her zaman d\u00fcr\u00fcst, \u015feffaf ve etik bir i\u015f anlay\u0131\u015f\u0131yla hareket ediyoruz. \u00dcretim s\u00fcre\u00e7lerimizde kaliteyi \u00f6n planda tutuyor, \u00e7evreye duyarl\u0131 ve s\u00fcrd\u00fcr\u00fclebilir \u00e7\u00f6z\u00fcmler geli\u015ftiriyoruz. G\u00fcvenilirli\u011fimizi ve m\u00fc\u015fteri memnuniyetini koruyarak, uzun vadeli i\u015f ortakl\u0131klar\u0131 kuruyoruz. Yenilik\u00e7i yakla\u015f\u0131m\u0131m\u0131zla sekt\u00f6rde fark yaratmaya devam ediyoruz.<\/p>\t\t\t\t\t\t<\/div>\n\t\t\t\t<\/div>\n\t\t\t\t<section class=\"elementor-section elementor-inner-section elementor-element elementor-element-7fcaa53 elementor-section-content-bottom elementor-section-boxed elementor-section-height-default elementor-section-height-default magic-button-disabled-no\" data-id=\"7fcaa53\" data-element_type=\"section\">\n\t\t\t\t\t\t<div class=\"elementor-container elementor-column-gap-no\">\n\t\t\t\t\t<div class=\"elementor-column elementor-col-33 elementor-inner-column elementor-element elementor-element-392788ab animated-slow elementor-invisible\" data-id=\"392788ab\" data-element_type=\"column\" data-settings=\"{&quot;animation&quot;:&quot;fadeInRight&quot;,&quot;animation_delay&quot;:80}\">\n\t\t\t<div class=\"elementor-widget-wrap elementor-element-populated\">\n\t\t\t\t\t\t<div class=\"elementor-element elementor-element-6b349498 jkit-equal-height-disable elementor-widget elementor-widget-jkit_icon_box\" data-id=\"6b349498\" data-element_type=\"widget\" data-widget_type=\"jkit_icon_box.default\">\n\t\t\t\t<div class=\"elementor-widget-container\">\n\t\t\t<div  class=\"jeg-elementor-kit jkit-icon-box icon-position- elementor-animation- jeg_module__1_6a04cdfa66f25\" ><div class=\"jkit-icon-box-wrapper hover-from-bottom\"><div class=\"icon-box icon-box-header elementor-animation-\"><div class=\"icon style-color\"><img fetchpriority=\"high\" decoding=\"async\" width=\"300\" height=\"222\" src=\"https:\/\/akdemirkumas.com\/wp-content\/uploads\/2024\/08\/stitch.png\" class=\"attachment-full size-full\" alt=\"Kalite Odakl\u0131 \u00dcretim\" url=\"http:\/\/akdemirkumas.com\/wp-content\/uploads\/2024\/08\/stitch.png\" source=\"library\" \/><\/div><\/div><div class=\"icon-box icon-box-body\">\n                <h3 class=\"title\">Kalite Odakl\u0131 \u00dcretim<\/h3><p class=\"icon-box-description\">Her a\u015famada en y\u00fcksek kalite standartlar\u0131n\u0131 sa\u011flamak i\u00e7in \u00e7al\u0131\u015f\u0131yoruz.<br \/>\n<br \/>\n<\/p>\n            <\/div>\n            \n            <\/div><\/div>\t\t<\/div>\n\t\t\t\t<\/div>\n\t\t\t\t\t<\/div>\n\t\t<\/div>\n\t\t\t\t<div class=\"elementor-column elementor-col-33 elementor-inner-column elementor-element elementor-element-2a0d067 animated-slow elementor-invisible\" data-id=\"2a0d067\" data-element_type=\"column\" data-settings=\"{&quot;animation&quot;:&quot;fadeInRight&quot;,&quot;animation_delay&quot;:80}\">\n\t\t\t<div class=\"elementor-widget-wrap elementor-element-populated\">\n\t\t\t\t\t\t<div class=\"elementor-element elementor-element-1393a1d jkit-equal-height-disable elementor-widget elementor-widget-jkit_icon_box\" data-id=\"1393a1d\" data-element_type=\"widget\" data-widget_type=\"jkit_icon_box.default\">\n\t\t\t\t<div class=\"elementor-widget-container\">\n\t\t\t<div  class=\"jeg-elementor-kit jkit-icon-box icon-position- elementor-animation- jeg_module__2_6a04cdfa67d80\" ><div class=\"jkit-icon-box-wrapper hover-from-bottom\"><div class=\"icon-box icon-box-header elementor-animation-\"><div class=\"icon style-color\"><img decoding=\"async\" width=\"300\" height=\"222\" src=\"https:\/\/akdemirkumas.com\/wp-content\/uploads\/2024\/08\/satin.png\" class=\"attachment-full size-full\" alt=\"M\u00fc\u015fteri Memnuniyeti\" url=\"http:\/\/akdemirkumas.com\/wp-content\/uploads\/2024\/08\/satin.png\" \/><\/div><\/div><div class=\"icon-box icon-box-body\">\n                <h3 class=\"title\">M\u00fc\u015fteri Memnuniyeti<\/h3><p class=\"icon-box-description\">M\u00fc\u015fterilerimizin ihtiya\u00e7lar\u0131n\u0131 her zaman \u00f6n planda tutuyoruz.<br \/>\n<br \/>\n<\/p>\n            <\/div>\n            \n            <\/div><\/div>\t\t<\/div>\n\t\t\t\t<\/div>\n\t\t\t\t\t<\/div>\n\t\t<\/div>\n\t\t\t\t<div class=\"elementor-column elementor-col-33 elementor-inner-column elementor-element elementor-element-7c702528 animated-slow elementor-invisible\" data-id=\"7c702528\" data-element_type=\"column\" data-settings=\"{&quot;animation&quot;:&quot;fadeInRight&quot;,&quot;animation_delay&quot;:120}\">\n\t\t\t<div class=\"elementor-widget-wrap elementor-element-populated\">\n\t\t\t\t\t\t<div class=\"elementor-element elementor-element-3765abec jkit-equal-height-disable elementor-widget elementor-widget-jkit_icon_box\" data-id=\"3765abec\" data-element_type=\"widget\" data-widget_type=\"jkit_icon_box.default\">\n\t\t\t\t<div class=\"elementor-widget-container\">\n\t\t\t<div  class=\"jeg-elementor-kit jkit-icon-box icon-position- elementor-animation- jeg_module__3_6a04cdfa68f4f\" ><div class=\"jkit-icon-box-wrapper hover-from-bottom\"><div class=\"icon-box icon-box-header elementor-animation-\"><div class=\"icon style-color\"><img decoding=\"async\" width=\"300\" height=\"222\" src=\"https:\/\/akdemirkumas.com\/wp-content\/uploads\/2024\/08\/digital.png\" class=\"attachment-full size-full\" alt=\"Yenilik\u00e7ilik ve Teknoloji\" url=\"http:\/\/akdemirkumas.com\/wp-content\/uploads\/2024\/08\/digital.png\" \/><\/div><\/div><div class=\"icon-box icon-box-body\">\n                <h3 class=\"title\">Yenilik\u00e7ilik ve Teknoloji<\/h3><p class=\"icon-box-description\">Sekt\u00f6rdeki yenilikleri takip ederek en modern \u00fcretim tekniklerini benimsiyoruz.<br \/>\n<\/p>\n            <\/div>\n            \n            <\/div><\/div>\t\t<\/div>\n\t\t\t\t<\/div>\n\t\t\t\t\t<\/div>\n\t\t<\/div>\n\t\t\t\t\t<\/div>\n\t\t<\/section>\n\t\t\t\t<section class=\"elementor-section elementor-inner-section elementor-element elementor-element-7c71135d elementor-section-content-bottom elementor-section-boxed elementor-section-height-default elementor-section-height-default magic-button-disabled-no\" data-id=\"7c71135d\" data-element_type=\"section\">\n\t\t\t\t\t\t<div class=\"elementor-container elementor-column-gap-no\">\n\t\t\t\t\t<div class=\"elementor-column elementor-col-33 elementor-inner-column elementor-element elementor-element-26ac3f3d animated-slow elementor-invisible\" data-id=\"26ac3f3d\" data-element_type=\"column\" data-settings=\"{&quot;animation&quot;:&quot;fadeInRight&quot;,&quot;animation_delay&quot;:40}\">\n\t\t\t<div class=\"elementor-widget-wrap elementor-element-populated\">\n\t\t\t\t\t\t<div class=\"elementor-element elementor-element-7252ef7c jkit-equal-height-disable elementor-widget elementor-widget-jkit_icon_box\" data-id=\"7252ef7c\" data-element_type=\"widget\" data-widget_type=\"jkit_icon_box.default\">\n\t\t\t\t<div class=\"elementor-widget-container\">\n\t\t\t<div  class=\"jeg-elementor-kit jkit-icon-box icon-position- elementor-animation- jeg_module__4_6a04cdfa69b04\" ><div class=\"jkit-icon-box-wrapper hover-from-bottom\"><div class=\"icon-box icon-box-header elementor-animation-\"><div class=\"icon style-color\"><img loading=\"lazy\" decoding=\"async\" width=\"300\" height=\"222\" src=\"https:\/\/akdemirkumas.com\/wp-content\/uploads\/2024\/08\/stitch.png\" class=\"attachment-full size-full\" alt=\"S\u00fcrd\u00fcr\u00fclebilirlik\" url=\"http:\/\/akdemirkumas.com\/wp-content\/uploads\/2024\/08\/stitch.png\" \/><\/div><\/div><div class=\"icon-box icon-box-body\">\n                <h3 class=\"title\">S\u00fcrd\u00fcr\u00fclebilirlik<\/h3><p class=\"icon-box-description\">\u00c7evreye duyarl\u0131 ve s\u00fcrd\u00fcr\u00fclebilir \u00fcretim s\u00fcre\u00e7leri ile gelece\u011fe katk\u0131 sa\u011fl\u0131yoruz.<br \/>\n<br \/>\n<\/p>\n            <\/div>\n            \n            <\/div><\/div>\t\t<\/div>\n\t\t\t\t<\/div>\n\t\t\t\t\t<\/div>\n\t\t<\/div>\n\t\t\t\t<div class=\"elementor-column elementor-col-33 elementor-inner-column elementor-element elementor-element-4d1020de animated-slow elementor-invisible\" data-id=\"4d1020de\" data-element_type=\"column\" data-settings=\"{&quot;animation&quot;:&quot;fadeInRight&quot;,&quot;animation_delay&quot;:80}\">\n\t\t\t<div class=\"elementor-widget-wrap elementor-element-populated\">\n\t\t\t\t\t\t<div class=\"elementor-element elementor-element-75f8041f jkit-equal-height-disable elementor-widget elementor-widget-jkit_icon_box\" data-id=\"75f8041f\" data-element_type=\"widget\" data-widget_type=\"jkit_icon_box.default\">\n\t\t\t\t<div class=\"elementor-widget-container\">\n\t\t\t<div  class=\"jeg-elementor-kit jkit-icon-box icon-position- elementor-animation- jeg_module__5_6a04cdfa6a3bd\" ><div class=\"jkit-icon-box-wrapper hover-from-bottom\"><div class=\"icon-box icon-box-header elementor-animation-\"><div class=\"icon style-color\"><img loading=\"lazy\" decoding=\"async\" width=\"300\" height=\"222\" src=\"https:\/\/akdemirkumas.com\/wp-content\/uploads\/2024\/08\/linen.png\" class=\"attachment-full size-full\" alt=\"G\u00fcvenilirlik\" url=\"http:\/\/akdemirkumas.com\/wp-content\/uploads\/2024\/08\/linen.png\" \/><\/div><\/div><div class=\"icon-box icon-box-body\">\n                <h3 class=\"title\">G\u00fcvenilirlik<\/h3><p class=\"icon-box-description\">\u0130\u015f ortaklar\u0131m\u0131z ve m\u00fc\u015fterilerimizle g\u00fcvene dayal\u0131, uzun vadeli ili\u015fkiler kurmay\u0131 hedefliyoruz.<\/p>\n            <\/div>\n            \n            <\/div><\/div>\t\t<\/div>\n\t\t\t\t<\/div>\n\t\t\t\t\t<\/div>\n\t\t<\/div>\n\t\t\t\t<div class=\"elementor-column elementor-col-33 elementor-inner-column elementor-element elementor-element-36f6858 animated-slow elementor-invisible\" data-id=\"36f6858\" data-element_type=\"column\" data-settings=\"{&quot;animation&quot;:&quot;fadeInRight&quot;,&quot;animation_delay&quot;:80}\">\n\t\t\t<div class=\"elementor-widget-wrap elementor-element-populated\">\n\t\t\t\t\t\t<div class=\"elementor-element elementor-element-08c4007 jkit-equal-height-disable elementor-widget elementor-widget-jkit_icon_box\" data-id=\"08c4007\" data-element_type=\"widget\" data-widget_type=\"jkit_icon_box.default\">\n\t\t\t\t<div class=\"elementor-widget-container\">\n\t\t\t<div  class=\"jeg-elementor-kit jkit-icon-box icon-position- elementor-animation- jeg_module__6_6a04cdfa6aed7\" ><div class=\"jkit-icon-box-wrapper hover-from-bottom\"><div class=\"icon-box icon-box-header elementor-animation-\"><div class=\"icon style-color\"><img loading=\"lazy\" decoding=\"async\" width=\"300\" height=\"222\" src=\"https:\/\/akdemirkumas.com\/wp-content\/uploads\/2024\/08\/apparel.png\" class=\"attachment-full size-full\" alt=\"Etik \u0130\u015f Anlay\u0131\u015f\u0131\" url=\"http:\/\/akdemirkumas.com\/wp-content\/uploads\/2024\/08\/apparel.png\" source=\"library\" \/><\/div><\/div><div class=\"icon-box icon-box-body\">\n                <h3 class=\"title\">Etik \u0130\u015f Anlay\u0131\u015f\u0131<\/h3><p class=\"icon-box-description\">Faaliyetlerimizde her zaman etik de\u011ferlere ve yasalara uygun hareket ediyoruz.<\/p>\n            <\/div>\n            \n            <\/div><\/div>\t\t<\/div>\n\t\t\t\t<\/div>\n\t\t\t\t\t<\/div>\n\t\t<\/div>\n\t\t\t\t\t<\/div>\n\t\t<\/section>\n\t\t\t\t\t<\/div>\n\t\t<\/div>\n\t\t\t\t\t<\/div>\n\t\t<\/section>\n\t\t\t\t<\/div>\n\t\t","protected":false},"excerpt":{"rendered":"<p>\u0130lkelerimiz Akdemir Kuma\u015f G\u00fcven, Kalite, S\u00fcrd\u00fcr\u00fclebilirlik Akdemir Kuma\u015f olarak, ba\u015far\u0131ya giden yolun sa\u011flam ilkelere dayand\u0131\u011f\u0131na inan\u0131yoruz. M\u00fc\u015fterilerimize en iyi hizmeti sunarken, her zaman d\u00fcr\u00fcst, \u015feffaf ve etik bir i\u015f anlay\u0131\u015f\u0131yla hareket ediyoruz. \u00dcretim s\u00fcre\u00e7lerimizde kaliteyi \u00f6n planda tutuyor, \u00e7evreye duyarl\u0131 ve s\u00fcrd\u00fcr\u00fclebilir \u00e7\u00f6z\u00fcmler geli\u015ftiriyoruz. G\u00fcvenilirli\u011fimizi ve m\u00fc\u015fteri memnuniyetini koruyarak, uzun vadeli i\u015f ortakl\u0131klar\u0131 kuruyoruz. Yenilik\u00e7i [&hellip;]<\/p>\n","protected":false},"author":1,"featured_media":0,"parent":0,"menu_order":0,"comment_status":"closed","ping_status":"closed","template":"","meta":{"footnotes":""},"class_list":["post-134","page","type-page","status-publish","hentry"],"_links":{"self":[{"href":"https:\/\/akdemirkumas.com\/index.php?rest_route=\/wp\/v2\/pages\/134","targetHints":{"allow":["GET"]}}],"collection":[{"href":"https:\/\/akdemirkumas.com\/index.php?rest_route=\/wp\/v2\/pages"}],"about":[{"href":"https:\/\/akdemirkumas.com\/index.php?rest_route=\/wp\/v2\/types\/page"}],"author":[{"embeddable":true,"href":"https:\/\/akdemirkumas.com\/index.php?rest_route=\/wp\/v2\/users\/1"}],"replies":[{"embeddable":true,"href":"https:\/\/akdemirkumas.com\/index.php?rest_route=%2Fwp%2Fv2%2Fcomments&post=134"}],"version-history":[{"count":15,"href":"https:\/\/akdemirkumas.com\/index.php?rest_route=\/wp\/v2\/pages\/134\/revisions"}],"predecessor-version":[{"id":203,"href":"https:\/\/akdemirkumas.com\/index.php?rest_route=\/wp\/v2\/pages\/134\/revisions\/203"}],"wp:attachment":[{"href":"https:\/\/akdemirkumas.com\/index.php?rest_route=%2Fwp%2Fv2%2Fmedia&parent=134"}],"curies":[{"name":"wp","href":"https:\/\/api.w.org\/{rel}","templated":true}]}}