{"id":64,"date":"2024-08-20T17:32:44","date_gmt":"2024-08-20T14:32:44","guid":{"rendered":"http:\/\/akdemirkumas.com\/?page_id=64"},"modified":"2024-11-29T17:05:01","modified_gmt":"2024-11-29T14:05:01","slug":"hakkimizda","status":"publish","type":"page","link":"https:\/\/akdemirkumas.com\/?page_id=64","title":{"rendered":"Hakk\u0131m\u0131zda"},"content":{"rendered":"\t\t<div data-elementor-type=\"wp-page\" data-elementor-id=\"64\" class=\"elementor elementor-64\" data-elementor-post-type=\"page\">\n\t\t\t\t\t\t<section class=\"elementor-section elementor-top-section elementor-element elementor-element-4d257918 elementor-section-boxed elementor-section-height-default elementor-section-height-default magic-button-disabled-no\" data-id=\"4d257918\" data-element_type=\"section\" data-settings=\"{&quot;background_background&quot;:&quot;classic&quot;}\">\n\t\t\t\t\t\t\t<div class=\"elementor-background-overlay\"><\/div>\n\t\t\t\t\t\t\t<div class=\"elementor-container elementor-column-gap-default\">\n\t\t\t\t\t<div class=\"elementor-column elementor-col-100 elementor-top-column elementor-element elementor-element-2fb8d0e9\" data-id=\"2fb8d0e9\" data-element_type=\"column\">\n\t\t\t<div class=\"elementor-widget-wrap elementor-element-populated\">\n\t\t\t\t\t\t<section class=\"elementor-section elementor-inner-section elementor-element elementor-element-7c3cd3d0 elementor-section-boxed elementor-section-height-default elementor-section-height-default magic-button-disabled-no\" data-id=\"7c3cd3d0\" data-element_type=\"section\">\n\t\t\t\t\t\t<div class=\"elementor-container elementor-column-gap-default\">\n\t\t\t\t\t<div class=\"elementor-column elementor-col-100 elementor-inner-column elementor-element elementor-element-9903f88\" data-id=\"9903f88\" data-element_type=\"column\" data-settings=\"{&quot;background_background&quot;:&quot;classic&quot;}\">\n\t\t\t<div class=\"elementor-widget-wrap elementor-element-populated\">\n\t\t\t\t\t\t<div class=\"elementor-element elementor-element-225cfb1c elementor-widget elementor-widget-heading\" data-id=\"225cfb1c\" data-element_type=\"widget\" data-widget_type=\"heading.default\">\n\t\t\t\t<div class=\"elementor-widget-container\">\n\t\t\t<h2 class=\"elementor-heading-title elementor-size-default\">Hakk\u0131m\u0131zda<\/h2>\t\t<\/div>\n\t\t\t\t<\/div>\n\t\t\t\t\t<\/div>\n\t\t<\/div>\n\t\t\t\t\t<\/div>\n\t\t<\/section>\n\t\t\t\t\t<\/div>\n\t\t<\/div>\n\t\t\t\t\t<\/div>\n\t\t<\/section>\n\t\t\t\t<section class=\"elementor-section elementor-top-section elementor-element elementor-element-55bd914d elementor-section-boxed elementor-section-height-default elementor-section-height-default magic-button-disabled-no\" data-id=\"55bd914d\" data-element_type=\"section\">\n\t\t\t\t\t\t<div class=\"elementor-container elementor-column-gap-default\">\n\t\t\t\t\t<div class=\"elementor-column elementor-col-50 elementor-top-column elementor-element elementor-element-7694ade0\" data-id=\"7694ade0\" data-element_type=\"column\">\n\t\t\t<div class=\"elementor-widget-wrap elementor-element-populated\">\n\t\t\t\t\t\t<div class=\"elementor-element elementor-element-5e0aa6e elementor-widget__width-initial elementor-widget elementor-widget-image\" data-id=\"5e0aa6e\" data-element_type=\"widget\" data-widget_type=\"image.default\">\n\t\t\t\t<div class=\"elementor-widget-container\">\n\t\t\t\t\t\t\t\t\t\t\t\t\t<img decoding=\"async\" src=\"https:\/\/akdemirkumas.com\/wp-content\/uploads\/elementor\/thumbs\/1-min_15773e3443254b-2-qsw3uzv3v5g8zdbz7v3txbjitr47lg4zy1zq30icqo.jpg\" title=\"1-min_15773e3443254b\" alt=\"1-min_15773e3443254b\" loading=\"lazy\" \/>\t\t\t\t\t\t\t\t\t\t\t\t\t<\/div>\n\t\t\t\t<\/div>\n\t\t\t\t\t<\/div>\n\t\t<\/div>\n\t\t\t\t<div class=\"elementor-column elementor-col-50 elementor-top-column elementor-element elementor-element-7afd088d\" data-id=\"7afd088d\" data-element_type=\"column\">\n\t\t\t<div class=\"elementor-widget-wrap elementor-element-populated\">\n\t\t\t\t\t\t<div class=\"elementor-element elementor-element-4298a742 elementor-widget elementor-widget-heading\" data-id=\"4298a742\" data-element_type=\"widget\" data-widget_type=\"heading.default\">\n\t\t\t\t<div class=\"elementor-widget-container\">\n\t\t\t<h2 class=\"elementor-heading-title elementor-size-default\">Akdemir Kuma\u015f<\/h2>\t\t<\/div>\n\t\t\t\t<\/div>\n\t\t\t\t<div class=\"elementor-element elementor-element-6c888ae8 elementor-widget elementor-widget-text-editor\" data-id=\"6c888ae8\" data-element_type=\"widget\" data-widget_type=\"text-editor.default\">\n\t\t\t\t<div class=\"elementor-widget-container\">\n\t\t\t\t\t\t\t<p>Akdemir Kuma\u015f olarak, y\u0131llar\u0131n verdi\u011fi deneyimle denim sekt\u00f6r\u00fcnde \u00f6nc\u00fc bir marka olman\u0131n gururunu ya\u015f\u0131yoruz. Modan\u0131n vazge\u00e7ilmez par\u00e7as\u0131 olan denim kuma\u015flar\u0131n\u0131, kalite ve estetikle bulu\u015fturuyoruz. M\u00fc\u015fterilerimize sundu\u011fumuz geni\u015f \u00fcr\u00fcn yelpazesi, her t\u00fcrl\u00fc ihtiyaca ve stile hitap edecek \u00e7e\u015fitlilikte.<\/p><p>Firmam\u0131z, sekt\u00f6r\u00fcn dinamiklerine uygun olarak s\u00fcrekli kendini yenileyen bir vizyona sahiptir. Kaliteyi ve m\u00fc\u015fteri memnuniyetini her zaman \u00f6n planda tutarak, denim \u00fcretiminde en son teknolojileri kullan\u0131yoruz. Bu sayede, hem yerel hem de uluslararas\u0131 pazarlarda tercih edilen bir marka olarak \u00f6ne \u00e7\u0131k\u0131yoruz.<\/p><p>Akdemir Kuma\u015f olarak, s\u00fcrd\u00fcr\u00fclebilirlik ilkesine de b\u00fcy\u00fck \u00f6nem veriyoruz. Do\u011faya ve topluma duyarl\u0131 \u00fcretim s\u00fcre\u00e7lerimizle, gelece\u011fe de\u011fer katmak i\u00e7in \u00e7al\u0131\u015f\u0131yoruz. Misyonumuz, her zaman en iyi \u00fcr\u00fcnleri sunmak ve m\u00fc\u015fterilerimizin memnuniyetini sa\u011flamak.<\/p>\t\t\t\t\t\t<\/div>\n\t\t\t\t<\/div>\n\t\t\t\t<section class=\"elementor-section elementor-inner-section elementor-element elementor-element-3ad026db elementor-section-boxed elementor-section-height-default elementor-section-height-default magic-button-disabled-no\" data-id=\"3ad026db\" data-element_type=\"section\">\n\t\t\t\t\t\t<div class=\"elementor-container elementor-column-gap-no\">\n\t\t\t\t\t<div class=\"elementor-column elementor-col-50 elementor-inner-column elementor-element elementor-element-5d32c9fb\" data-id=\"5d32c9fb\" data-element_type=\"column\" data-settings=\"{&quot;background_background&quot;:&quot;classic&quot;}\">\n\t\t\t<div class=\"elementor-widget-wrap elementor-element-populated\">\n\t\t\t\t\t\t<div class=\"elementor-element elementor-element-2fd27b8e elementor-widget elementor-widget-jkit_fun_fact\" data-id=\"2fd27b8e\" data-element_type=\"widget\" data-widget_type=\"jkit_fun_fact.default\">\n\t\t\t\t<div class=\"elementor-widget-container\">\n\t\t\t<div  class=\"jeg-elementor-kit jkit-fun-fact align-center hover-from-left elementor-animation- jeg_module___6a00af4fa0d47\" ><div class=fun-fact-inner><div class=\"icon elementor-animation-\"><i aria-hidden=\"true\" class=\"jki jki-medal\"><\/i><\/div>\n            <div class=\"content\">\n                <div class=\"number-wrapper\"><span class=\"prefix\"><\/span>\n        <span class=\"number\" data-value=\"22\" data-animation-duration=\"3500\">0<\/span>\n        <span class=\"suffix\"><\/span><sup class=\"super\">+<\/sup><\/div>\n                <h2 class=\"title\">Y\u0131ll\u0131k Tecr\u00fcbe<\/h2>\n            <\/div>\n        <\/div><\/div>\t\t<\/div>\n\t\t\t\t<\/div>\n\t\t\t\t\t<\/div>\n\t\t<\/div>\n\t\t\t\t<div class=\"elementor-column elementor-col-50 elementor-inner-column elementor-element elementor-element-321b891\" data-id=\"321b891\" data-element_type=\"column\">\n\t\t\t<div class=\"elementor-widget-wrap\">\n\t\t\t\t\t\t\t<\/div>\n\t\t<\/div>\n\t\t\t\t\t<\/div>\n\t\t<\/section>\n\t\t\t\t\t<\/div>\n\t\t<\/div>\n\t\t\t\t\t<\/div>\n\t\t<\/section>\n\t\t\t\t<\/div>\n\t\t","protected":false},"excerpt":{"rendered":"<p>Hakk\u0131m\u0131zda Akdemir Kuma\u015f Akdemir Kuma\u015f olarak, y\u0131llar\u0131n verdi\u011fi deneyimle denim sekt\u00f6r\u00fcnde \u00f6nc\u00fc bir marka olman\u0131n gururunu ya\u015f\u0131yoruz. Modan\u0131n vazge\u00e7ilmez par\u00e7as\u0131 olan denim kuma\u015flar\u0131n\u0131, kalite ve estetikle bulu\u015fturuyoruz. M\u00fc\u015fterilerimize sundu\u011fumuz geni\u015f \u00fcr\u00fcn yelpazesi, her t\u00fcrl\u00fc ihtiyaca ve stile hitap edecek \u00e7e\u015fitlilikte. Firmam\u0131z, sekt\u00f6r\u00fcn dinamiklerine uygun olarak s\u00fcrekli kendini yenileyen bir vizyona sahiptir. Kaliteyi ve m\u00fc\u015fteri memnuniyetini [&hellip;]<\/p>\n","protected":false},"author":1,"featured_media":0,"parent":0,"menu_order":0,"comment_status":"closed","ping_status":"closed","template":"","meta":{"footnotes":""},"class_list":["post-64","page","type-page","status-publish","hentry"],"_links":{"self":[{"href":"https:\/\/akdemirkumas.com\/index.php?rest_route=\/wp\/v2\/pages\/64","targetHints":{"allow":["GET"]}}],"collection":[{"href":"https:\/\/akdemirkumas.com\/index.php?rest_route=\/wp\/v2\/pages"}],"about":[{"href":"https:\/\/akdemirkumas.com\/index.php?rest_route=\/wp\/v2\/types\/page"}],"author":[{"embeddable":true,"href":"https:\/\/akdemirkumas.com\/index.php?rest_route=\/wp\/v2\/users\/1"}],"replies":[{"embeddable":true,"href":"https:\/\/akdemirkumas.com\/index.php?rest_route=%2Fwp%2Fv2%2Fcomments&post=64"}],"version-history":[{"count":26,"href":"https:\/\/akdemirkumas.com\/index.php?rest_route=\/wp\/v2\/pages\/64\/revisions"}],"predecessor-version":[{"id":297,"href":"https:\/\/akdemirkumas.com\/index.php?rest_route=\/wp\/v2\/pages\/64\/revisions\/297"}],"wp:attachment":[{"href":"https:\/\/akdemirkumas.com\/index.php?rest_route=%2Fwp%2Fv2%2Fmedia&parent=64"}],"curies":[{"name":"wp","href":"https:\/\/api.w.org\/{rel}","templated":true}]}}